{"id":508,"date":"2012-05-22T19:11:01","date_gmt":"2012-05-22T22:11:01","guid":{"rendered":"http:\/\/www.sosavesecia.org.br\/wp\/?page_id=508"},"modified":"2015-09-19T12:56:38","modified_gmt":"2015-09-19T15:56:38","slug":"dicas","status":"publish","type":"page","link":"https:\/\/www.sosavesecia.org.br\/?page_id=508","title":{"rendered":"Dicas e A\u00e7\u00f5es"},"content":{"rendered":"<p><strong>N\u00c3O JOGUE CHICLETES NO CH\u00c3O!<\/strong><br \/>\nAtra\u00eddos pelo cheiro adocicado e pelo sabor de frutas, as aves  comem restos de chicletes deixados irresponsavelmente em qualquer lugar.<\/p>\n<p>Ao sentirem o chiclete grudando em seu bico, tentam, desesperadas, retir\u00e1-lo e a\u00ed acontece o pior: acabam sufocadas.<\/p>\n<p>Seja um humano de verdade! Embrulhe o chiclete num peda\u00e7o de papel e jogue-o no lixo. Em sua boca, ele dura alguns minutos. Para se desintegrar no meio ambiente, anos!<\/p>\n<p><strong>LINHAS<\/strong><br \/>\n<img loading=\"lazy\" decoding=\"async\" src=\"https:\/\/www.sosavesecia.org.br\/wp-content\/uploads\/2012\/05\/foto5-ps-300x267.jpg\" alt=\"\" title=\"foto5-ps\" width=\"300\" height=\"267\" class=\"aligncenter size-medium wp-image-987\" srcset=\"https:\/\/www.sosavesecia.org.br\/wp-content\/uploads\/2012\/05\/foto5-ps-300x267.jpg 300w, https:\/\/www.sosavesecia.org.br\/wp-content\/uploads\/2012\/05\/foto5-ps-336x300.jpg 336w, https:\/\/www.sosavesecia.org.br\/wp-content\/uploads\/2012\/05\/foto5-ps.jpg 800w\" sizes=\"auto, (max-width: 300px) 100vw, 300px\" \/><br \/>\nLinhas s\u00e3o um perigo, com cerol \u00e9 fatal. N\u00e3o use linha com cerol. \u00c9 crime e voc\u00ea poder\u00e1 responder judicialmente se atingir uma ave com ela. Normalmente, a parte atingida \u00e9 o pat\u00e1gio, que far\u00e1 com que a asa seja amputada e ela passe a viver em cativeiro. Seja um ser humano de verdade. N\u00e3o use linha com cerol.<\/p>\n","protected":false},"excerpt":{"rendered":"<p>N\u00c3O JOGUE CHICLETES NO CH\u00c3O! Atra\u00eddos pelo cheiro adocicado e pelo sabor de frutas, as aves comem restos de chicletes deixados irresponsavelmente em qualquer lugar. Ao sentirem o chiclete grudando em seu bico, tentam, desesperadas, retir\u00e1-lo e a\u00ed acontece o &hellip; <a href=\"https:\/\/www.sosavesecia.org.br\/?page_id=508\">Continue lendo <span class=\"meta-nav\">&rarr;<\/span><\/a><\/p>\n","protected":false},"author":1,"featured_media":0,"parent":305,"menu_order":2,"comment_status":"closed","ping_status":"open","template":"","meta":{"footnotes":""},"class_list":["post-508","page","type-page","status-publish","hentry"],"_links":{"self":[{"href":"https:\/\/www.sosavesecia.org.br\/index.php?rest_route=\/wp\/v2\/pages\/508","targetHints":{"allow":["GET"]}}],"collection":[{"href":"https:\/\/www.sosavesecia.org.br\/index.php?rest_route=\/wp\/v2\/pages"}],"about":[{"href":"https:\/\/www.sosavesecia.org.br\/index.php?rest_route=\/wp\/v2\/types\/page"}],"author":[{"embeddable":true,"href":"https:\/\/www.sosavesecia.org.br\/index.php?rest_route=\/wp\/v2\/users\/1"}],"replies":[{"embeddable":true,"href":"https:\/\/www.sosavesecia.org.br\/index.php?rest_route=%2Fwp%2Fv2%2Fcomments&post=508"}],"version-history":[{"count":12,"href":"https:\/\/www.sosavesecia.org.br\/index.php?rest_route=\/wp\/v2\/pages\/508\/revisions"}],"predecessor-version":[{"id":1708,"href":"https:\/\/www.sosavesecia.org.br\/index.php?rest_route=\/wp\/v2\/pages\/508\/revisions\/1708"}],"up":[{"embeddable":true,"href":"https:\/\/www.sosavesecia.org.br\/index.php?rest_route=\/wp\/v2\/pages\/305"}],"wp:attachment":[{"href":"https:\/\/www.sosavesecia.org.br\/index.php?rest_route=%2Fwp%2Fv2%2Fmedia&parent=508"}],"curies":[{"name":"wp","href":"https:\/\/api.w.org\/{rel}","templated":true}]}}