{"id":19,"date":"2012-04-26T00:13:18","date_gmt":"2012-04-26T00:13:18","guid":{"rendered":"http:\/\/www.sosavesecia.org.br\/wp\/?page_id=19"},"modified":"2017-07-26T11:02:40","modified_gmt":"2017-07-26T14:02:40","slug":"curiosidades","status":"publish","type":"page","link":"https:\/\/www.sosavesecia.org.br\/?page_id=19","title":{"rendered":"Curiosidades"},"content":{"rendered":"<table border=\"0\">\n<tbody>\n<tr>\n<td><\/td>\n<td><img loading=\"lazy\" decoding=\"async\" class=\"aligncenter wp-image-8\" title=\"Curiosidades Sono dos bichos\" src=\"https:\/\/www.sosavesecia.org.br\/wp-content\/uploads\/2012\/04\/curiosidades11.jpg\" alt=\"\" width=\"120\" height=\"83\" \/><\/p>\n<p><strong>O SONO DOS BICHOS<\/strong><\/p>\n<p>Os bichos dormem como qualquer mortal. Eles sonham, t\u00eam pesadelos, ficam irritados quando alternam suas rotinas de descanso e alguns chegam a cultivar algumas manias na hora de dormir. As diferen\u00e7as entre o sono dos bichos e o do homem est\u00e3o basicamente nos h\u00e1bitos de cada esp\u00e9cie (h\u00e1 os que trocam a noite pelo dia, por exemplo) e no tempo de sono que cada um deles sente necessidade de ter por dia.<\/td>\n<\/tr>\n<tr>\n<td><\/td>\n<td><img loading=\"lazy\" decoding=\"async\" class=\"wp-image-9 aligncenter\" title=\"Curiosidades Estudos comprovam os seus sonhos \" src=\"https:\/\/www.sosavesecia.org.br\/wp-content\/uploads\/2012\/04\/curiosidades21.jpg\" alt=\"\" width=\"120\" height=\"82\" \/><strong>ESTUDOS COMPROVAM OS SEUS SONHOS\u00a0<\/strong><\/p>\n<p>Segundo os veterin\u00e1rios, os gatos e cachorros quando est\u00e3o sonhando fazem pequenos movimentos corporais, respiram mais rapidamente e mexem os bigodes. H\u00e1 estudos que constatam que eles geralmente sonham com ca\u00e7adas ou que est\u00e3o perseguindo algum objeto.<\/td>\n<\/tr>\n<tr>\n<td><\/td>\n<td><img loading=\"lazy\" decoding=\"async\" class=\"wp-image-10 aligncenter\" style=\"font-family: inherit; font-size: inherit;\" title=\"Curiosidades Bichos tamb\u00e9m t\u00eam depress\u00e3o \" src=\"https:\/\/www.sosavesecia.org.br\/wp-content\/uploads\/2012\/04\/curiosidades31.jpg\" alt=\"\" width=\"119\" height=\"81\" \/><\/p>\n<p><strong>BICHOS TAM<\/strong><strong style=\"font-family: inherit; font-size: inherit;\">B\u00c9M T\u00caM DEPRESS\u00c3O <\/strong><\/p>\n<p><span style=\"font-family: inherit; font-size: inherit;\">Os gatos s\u00e3o os animais caseiros campe\u00f5es da sonol\u00eancia: s\u00e3o capazes de passar o dia todo dormindo e ainda tirar boas sonecas durante a noite. Os cachorros, por sua vez, acabam entrando na rotina da fam\u00edlia e dos donos.<\/span><\/p>\n<p>No entanto, destacam os veterin\u00e1rios, \u00e9 preciso prestar aten\u00e7\u00e3o no comportamento dos animais. Bichos tamb\u00e9m t\u00eam depress\u00e3o e o sono exagerado pode ser ind\u00edcio de que ele est\u00e1 deprimido.<\/td>\n<\/tr>\n<\/tbody>\n<\/table>\n<p>&nbsp;<\/p>\n","protected":false},"excerpt":{"rendered":"<p>O SONO DOS BICHOS Os bichos dormem como qualquer mortal. Eles sonham, t\u00eam pesadelos, ficam irritados quando alternam suas rotinas de descanso e alguns chegam a cultivar algumas manias na hora de dormir. As diferen\u00e7as entre o sono dos bichos &hellip; <a href=\"https:\/\/www.sosavesecia.org.br\/?page_id=19\">Continue lendo <span class=\"meta-nav\">&rarr;<\/span><\/a><\/p>\n","protected":false},"author":1,"featured_media":0,"parent":305,"menu_order":3,"comment_status":"closed","ping_status":"open","template":"","meta":{"footnotes":""},"class_list":["post-19","page","type-page","status-publish","hentry"],"_links":{"self":[{"href":"https:\/\/www.sosavesecia.org.br\/index.php?rest_route=\/wp\/v2\/pages\/19","targetHints":{"allow":["GET"]}}],"collection":[{"href":"https:\/\/www.sosavesecia.org.br\/index.php?rest_route=\/wp\/v2\/pages"}],"about":[{"href":"https:\/\/www.sosavesecia.org.br\/index.php?rest_route=\/wp\/v2\/types\/page"}],"author":[{"embeddable":true,"href":"https:\/\/www.sosavesecia.org.br\/index.php?rest_route=\/wp\/v2\/users\/1"}],"replies":[{"embeddable":true,"href":"https:\/\/www.sosavesecia.org.br\/index.php?rest_route=%2Fwp%2Fv2%2Fcomments&post=19"}],"version-history":[{"count":20,"href":"https:\/\/www.sosavesecia.org.br\/index.php?rest_route=\/wp\/v2\/pages\/19\/revisions"}],"predecessor-version":[{"id":2148,"href":"https:\/\/www.sosavesecia.org.br\/index.php?rest_route=\/wp\/v2\/pages\/19\/revisions\/2148"}],"up":[{"embeddable":true,"href":"https:\/\/www.sosavesecia.org.br\/index.php?rest_route=\/wp\/v2\/pages\/305"}],"wp:attachment":[{"href":"https:\/\/www.sosavesecia.org.br\/index.php?rest_route=%2Fwp%2Fv2%2Fmedia&parent=19"}],"curies":[{"name":"wp","href":"https:\/\/api.w.org\/{rel}","templated":true}]}}